{"id":19,"date":"2015-11-25T07:32:41","date_gmt":"2015-11-25T07:32:41","guid":{"rendered":"http:\/\/smartyschool.stylemixthemes.com\/?page_id=19"},"modified":"2023-08-29T13:10:35","modified_gmt":"2023-08-29T13:10:35","slug":"maternelle-elementaire-ouest-foire-dakar","status":"publish","type":"page","link":"https:\/\/ecolearcobaleno.com\/","title":{"rendered":"Accueil"},"content":{"rendered":"<p>[vc_row][vc_column][stm_spacing sm_spacing=\u00a0\u00bb150px\u00a0\u00bb lg_spacing=\u00a0\u00bb150px\u00a0\u00bb md_spacing=\u00a0\u00bb150px\u00a0\u00bb][rev_slider_vc alias=\u00a0\u00bbhome-2&Prime;][stm_spacing xs_spacing=\u00a0\u00bb60px\u00a0\u00bb sm_spacing=\u00a0\u00bb60px\u00a0\u00bb][\/vc_column][\/vc_row][vc_row css=\u00a0\u00bb.vc_custom_1448890853831{margin-bottom: 80px !important;}\u00a0\u00bb][vc_column][stm_call_to_action cta_border_color=\u00a0\u00bbblue\u00a0\u00bb cta_bg_color=\u00a0\u00bbgreen\u00a0\u00bb btn_link=\u00a0\u00bb|title:En%20savoir%20plus||\u00a0\u00bb title=\u00a0\u00bbNote d&rsquo;information\u00a0\u00bb image_id=\u00a0\u00bb52&Prime; img_id=\u00a0\u00bb3785&Prime; css=\u00a0\u00bb.vc_custom_1663072144645{margin-top: -100px !important;border-top-width: 4px !important;border-top-style: solid !important;}\u00a0\u00bb margin=\u00a0\u00bbmargin-top:15px;margin-bottom:16px;\u00a0\u00bb btn_enable=\u00a0\u00bbtrue\u00a0\u00bb img_enable=\u00a0\u00bbtrue\u00a0\u00bb btn_custom_style=\u00a0\u00bbtrue\u00a0\u00bb btn_icon_enable=\u00a0\u00bbtrue\u00a0\u00bb]<\/p>\n<ul>\n<li><strong>La rentr\u00e9e scolaire 2022\/2023 est pr\u00e9vue pour le 05 Octobre 2022<\/strong><\/li>\n<li>les Tests d\u2019entr\u00e9e \u00e0\u00a0 L\u2019Ecole sont pr\u00e9vus au mois de SEPTEMBRE 2022 , lesMardi et Jeudi \u00e0 partir de 9H30mn.<\/li>\n<\/ul>\n<p>[\/stm_call_to_action][\/vc_column][\/vc_row][vc_row][vc_column width=\u00a0\u00bb1\/2&Prime;][vc_single_image image=\u00a0\u00bb3439&Prime; img_size=\u00a0\u00bb400&#215;500&Prime; alignment=\u00a0\u00bbcenter\u00a0\u00bb style=\u00a0\u00bbvc_box_shadow_border\u00a0\u00bb css_animation=\u00a0\u00bbbounceIn\u00a0\u00bb][stm_wp_custommenu nav_menu=\u00a0\u00bb\u00a0\u00bb position=\u00a0\u00bbabsolute\u00a0\u00bb position_top=\u00a0\u00bb80px\u00a0\u00bb position_left=\u00a0\u00bb0&Prime;][stm_spacing xs_spacing=\u00a0\u00bb40px\u00a0\u00bb][vc_empty_space][\/vc_column][vc_column width=\u00a0\u00bb1\/2&Prime;][stm_spacing xs_spacing=\u00a0\u00bb80px\u00a0\u00bb][stm_title title_tag=\u00a0\u00bbh2&Prime; sep_enable=\u00a0\u00bbtrue\u00a0\u00bb title=\u00a0\u00bbMot de Bienvenue\u00a0\u00bb][\/stm_title][stm_testimonials stm_testimonial_type=\u00a0\u00bbsingle_static\u00a0\u00bb enable_cite_customization=\u00a0\u00bbtrue\u00a0\u00bb cite=\u00a0\u00bb<strong>La Direction<\/strong>\u00a0\u00bb cite_space_top=\u00a0\u00bb30px\u00a0\u00bb]L\u2019\u00e9cole Arcobaleno offre une \u00e9ducation de qualit\u00e9 aux \u00e9l\u00e8ves pour une excellente base scolaire, n\u00e9cessaire \u00e0 leur \u00e9panouissement personnel et \u00e0 leur int\u00e9gration dans le monde : aptitude, comp\u00e9tence m\u00e9thodologique et linguistique.<\/p>\n<p>L\u2019offre p\u00e9dagogique est plurielle car elle propose un enseignement ax\u00e9 sur le curriculum s\u00e9n\u00e9galais et sur le programme fran\u00e7ais, mais aussi et surtout sur l\u2019exp\u00e9rience de la vie sociale, la culture de leadership de chaque apprenant et le travail d\u2019\u00e9quipe, pour en faire des hommes de demain cultiv\u00e9s, \u00e9duqu\u00e9s et cr\u00e9atifs.[\/stm_testimonials][stm_spacing sm_spacing=\u00a0\u00bb80px\u00a0\u00bb xs_spacing=\u00a0\u00bb80px\u00a0\u00bb][stm_btn_simple btn_size=\u00a0\u00bbsm\u00a0\u00bb btn_alignment=\u00a0\u00bbcenter\u00a0\u00bb btn_link=\u00a0\u00bburl:https%3A%2F%2Fecolearcobaleno.com%2Findex.php%2Fabout%2F|title:L%E2%80%99%C3%A9cole||\u00a0\u00bb btn_link_text=\u00a0\u00bbLire plus\u00a0\u00bb][\/vc_column][\/vc_row][vc_row full_width=\u00a0\u00bbstretch_row\u00a0\u00bb css=\u00a0\u00bb.vc_custom_1567609060909{margin-bottom: 0px !important;padding-top: 35px !important;padding-bottom: 108px !important;background-image: url(https:\/\/ecolearcobaleno.com\/wp-content\/uploads\/2019\/08\/green-1738220_1920.jpg?id=3481) !important;background-position: center !important;background-repeat: no-repeat !important;background-size: cover !important;}\u00a0\u00bb][vc_column][stm_title title_tag=\u00a0\u00bbh2&Prime; title_align=\u00a0\u00bbcenter\u00a0\u00bb title_color=\u00a0\u00bbcustom\u00a0\u00bb sep_enable=\u00a0\u00bbtrue\u00a0\u00bb title=\u00a0\u00bbActualit\u00e9s\u00a0\u00bb title_custom_color=\u00a0\u00bb#ffffff\u00a0\u00bb title_color_custom=\u00a0\u00bb#ffffff\u00a0\u00bb sep_margin_b=\u00a0\u00bb60px\u00a0\u00bb][\/stm_title][\/vc_column][\/vc_row][vc_row full_width=\u00a0\u00bbstretch_row\u00a0\u00bb css=\u00a0\u00bb.vc_custom_1454402985319{margin-top: -60px !important;padding-bottom: 82px !important;background-color: #ffffff !important;}\u00a0\u00bb][vc_column css=\u00a0\u00bb.vc_custom_1451025868208{padding-top: 0px !important;}\u00a0\u00bb][vc_tta_tabs style=\u00a0\u00bbflat\u00a0\u00bb shape=\u00a0\u00bbsquare\u00a0\u00bb color=\u00a0\u00bbblue\u00a0\u00bb spacing=\u00a0\u00bb\u00a0\u00bb alignment=\u00a0\u00bbcenter\u00a0\u00bb active_section=\u00a0\u00bb1&Prime; no_fill_content_area=\u00a0\u00bbtrue\u00a0\u00bb css=\u00a0\u00bb.vc_custom_1456382906670{margin-top: -60px !important;}\u00a0\u00bb][vc_tta_section title=\u00a0\u00bbFiches de renseignements\u00a0\u00bb tab_id=\u00a0\u00bb1448978999611-58c38d24-95e3&Prime;][vc_row_inner][vc_column_inner width=\u00a0\u00bb1\/3&Prime;][stm_action_box img_id=\u00a0\u00bb3471&Prime; title=\u00a0\u00bbFiche d&rsquo;inscription\u00a0\u00bb action_box_link=\u00a0\u00bburl:https%3A%2F%2Fecolearcobaleno.com%2Fwp-content%2Fuploads%2F2023%2F08%2FFiche-dinscription.docx||target:%20_blank|\u00a0\u00bb][\/vc_column_inner][vc_column_inner width=\u00a0\u00bb1\/3&Prime;][stm_action_box img_id=\u00a0\u00bb3476&Prime; title=\u00a0\u00bbPrescolaire\u00a0\u00bb action_box_link=\u00a0\u00bburl:https%3A%2F%2Fecolearcobaleno.com%2Fwp-content%2Fuploads%2F2023%2F08%2FFiche-de-Renseignement-Prescolaire.docx||target:%20_blank|\u00a0\u00bb][\/vc_column_inner][vc_column_inner width=\u00a0\u00bb1\/3&Prime;][stm_action_box title=\u00a0\u00bbEl\u00e9mentaire\u00a0\u00bb action_box_link=\u00a0\u00bburl:https%3A%2F%2Fecolearcobaleno.com%2Fwp-content%2Fuploads%2F2023%2F08%2Ffiche-de-renseignements-Primaire.docx|||\u00a0\u00bb img_id=\u00a0\u00bb3475&Prime;][\/vc_column_inner][\/vc_row_inner][\/vc_tta_section][vc_tta_section title=\u00a0\u00bbInfos pratiques\u00a0\u00bb tab_id=\u00a0\u00bb1448965472313-3dd36b12-febe\u00a0\u00bb][vc_row_inner][vc_column_inner width=\u00a0\u00bb1\/3&Prime;][stm_action_box img_id=\u00a0\u00bb3503&Prime; title=\u00a0\u00bbManuels scolaires\u00a0\u00bb action_box_link=\u00a0\u00bburl:https%3A%2F%2Fecolearcobaleno.com%2Fwp-content%2Fuploads%2F2019%2F09%2FLISTE-DES-OUVRAGES.pdf|title:T%C3%A9l%C3%A9charger|target:%20_blank|\u00a0\u00bb][\/vc_column_inner][vc_column_inner width=\u00a0\u00bb1\/3&Prime;][stm_action_box img_id=\u00a0\u00bb3505&Prime; title=\u00a0\u00bbListe des fournitures Mini Section\u00a0\u00bb action_box_link=\u00a0\u00bburl:https%3A%2F%2Fecolearcobaleno.com%2Fwp-content%2Fuploads%2F2019%2F08%2FListe-des-fournitures-Mini-Section.pdf|title:T%C3%A9l%C3%A9charger|target:%20_blank|\u00a0\u00bb][vc_empty_space][stm_link link=\u00a0\u00bburl:https%3A%2F%2Fecolearcobaleno.com%2Findex.php%2Fliste-des-fournitures%2F|||\u00a0\u00bb link_text=\u00a0\u00bbVoir toutes les fiches\u00a0\u00bb][\/vc_column_inner][vc_column_inner width=\u00a0\u00bb1\/3&Prime;][stm_action_box img_id=\u00a0\u00bb3509&Prime; title=\u00a0\u00bbListe des fournitures Petite Section\u00a0\u00bb action_box_link=\u00a0\u00bburl:https%3A%2F%2Fecolearcobaleno.com%2Fwp-content%2Fuploads%2F2019%2F09%2FListe-des-fournitures-Petite-Section.pdf|title:T%C3%A9l%C3%A9charger|target:%20_blank|\u00a0\u00bb][\/vc_column_inner][\/vc_row_inner][\/vc_tta_section][vc_tta_section title=\u00a0\u00bbActualit\u00e9s\u00a0\u00bb tab_id=\u00a0\u00bb1567630804784-5289063a-386d\u00a0\u00bb][vc_row_inner][vc_column_inner width=\u00a0\u00bb1\/3&Prime;][stm_action_box img_id=\u00a0\u00bb3727&Prime; title=\u00a0\u00bbListe des fournitures \u00e0 la librairie Chez Mon Ami\u00a0\u00bb action_box_link=\u00a0\u00bburl:https%3A%2F%2Fecolearcobaleno.com%2Findex.php%2F2019%2F09%2F04%2Fnos-listes-a-la-librairie-chez-mon-ami%2F|||\u00a0\u00bb][\/vc_column_inner][vc_column_inner width=\u00a0\u00bb1\/3&Prime;][stm_action_box img_id=\u00a0\u00bb3628&Prime; title=\u00a0\u00bbNos enseignants se forment\u00a0\u00bb action_box_link=\u00a0\u00bburl:https%3A%2F%2Fecolearcobaleno.com%2Findex.php%2F2019%2F09%2F04%2Fformation-des-enseignants-sur-la-psychologie-de-lenfant%2F|||\u00a0\u00bb][\/vc_column_inner][vc_column_inner width=\u00a0\u00bb1\/3&Prime;][stm_action_box img_id=\u00a0\u00bb3627&Prime; title=\u00a0\u00bbRentr\u00e9e 2019-2020&Prime; action_box_link=\u00a0\u00bburl:https%3A%2F%2Fecolearcobaleno.com%2Findex.php%2F2019%2F09%2F03%2Frentree-2019-2020%2F|||\u00a0\u00bb][\/vc_column_inner][\/vc_row_inner][\/vc_tta_section][\/vc_tta_tabs][\/vc_column][\/vc_row][vc_row full_width=\u00a0\u00bbstretch_row\u00a0\u00bb css=\u00a0\u00bb.vc_custom_1567616298087{margin-bottom: 0px !important;padding-top: 39px !important;padding-bottom: 67px !important;background-image: url(https:\/\/ecolearcobaleno.com\/wp-content\/uploads\/2019\/08\/buchstaben-und-zahlen-ueber-briefpapier_23-2147846264.jpg?id=3484) !important;background-position: center !important;background-repeat: no-repeat !important;background-size: cover !important;}\u00a0\u00bb][vc_column][stm_title title_tag=\u00a0\u00bbh2&Prime; title_align=\u00a0\u00bbcenter\u00a0\u00bb title_color=\u00a0\u00bbcustom\u00a0\u00bb subtitle_color=\u00a0\u00bbcustom\u00a0\u00bb sep_enable=\u00a0\u00bbtrue\u00a0\u00bb subtitle_enable=\u00a0\u00bbtrue\u00a0\u00bb title=\u00a0\u00bbL&rsquo;\u00e9cole en chiffres\u00a0\u00bb title_custom_color=\u00a0\u00bb#ffffff\u00a0\u00bb title_color_custom=\u00a0\u00bb#ffffff\u00a0\u00bb sub_title=\u00a0\u00bbHere you can review some statistics about our School\u00a0\u00bb subtitle_color_custom=\u00a0\u00bb#ffffff\u00a0\u00bb sep_css=\u00a0\u00bbmargin-bottom:42px;\u00a0\u00bb]Toujours en qu\u00eate de l&rsquo;excellence pour vous satisfaire![\/stm_title][vc_row_inner][vc_column_inner width=\u00a0\u00bb1\/4&Prime; offset=\u00a0\u00bbvc_col-lg-3 vc_col-md-3 vc_col-xs-12&Prime;][stm_stats icon_type=\u00a0\u00bbsvg\u00a0\u00bb icon_color=\u00a0\u00bbblue\u00a0\u00bb svg_animated=\u00a0\u00bbtrue\u00a0\u00bb count_grouping=\u00a0\u00bbtrue\u00a0\u00bb value=\u00a0\u00bb10&Prime; desc=\u00a0\u00bbann\u00e9es d&rsquo;exp\u00e9rience\u00a0\u00bb svg_id=\u00a0\u00bb3351&Prime;][stm_spacing xs_spacing=\u00a0\u00bb30px\u00a0\u00bb][\/vc_column_inner][vc_column_inner width=\u00a0\u00bb1\/4&Prime; offset=\u00a0\u00bbvc_col-lg-3 vc_col-md-3 vc_col-xs-12&Prime;][stm_stats icon_type=\u00a0\u00bbsvg\u00a0\u00bb icon_color=\u00a0\u00bbblue\u00a0\u00bb svg_animated=\u00a0\u00bbtrue\u00a0\u00bb count_grouping=\u00a0\u00bbtrue\u00a0\u00bb value=\u00a0\u00bb30&Prime; desc=\u00a0\u00bbEnseignants(e) qualifi\u00e9(e)s\u00a0\u00bb count_separator=\u00a0\u00bb,\u00a0\u00bb svg_id=\u00a0\u00bb3349&Prime;][stm_spacing xs_spacing=\u00a0\u00bb30px\u00a0\u00bb][\/vc_column_inner][vc_column_inner width=\u00a0\u00bb1\/4&Prime; offset=\u00a0\u00bbvc_col-lg-3 vc_col-md-3 vc_col-xs-12&Prime;][stm_stats icon_type=\u00a0\u00bbsvg\u00a0\u00bb icon_color=\u00a0\u00bbblue\u00a0\u00bb svg_animated=\u00a0\u00bbtrue\u00a0\u00bb count_grouping=\u00a0\u00bbtrue\u00a0\u00bb value=\u00a0\u00bb100&Prime; desc=\u00a0\u00bbR\u00e9ussite au CFEE\u00a0\u00bb count_suffix=\u00a0\u00bb%\u00a0\u00bb svg_id=\u00a0\u00bb3352&Prime;][stm_spacing xs_spacing=\u00a0\u00bb30px\u00a0\u00bb][\/vc_column_inner][vc_column_inner width=\u00a0\u00bb1\/4&Prime; offset=\u00a0\u00bbvc_col-lg-3 vc_col-md-3 vc_col-xs-12&Prime;][stm_stats icon_type=\u00a0\u00bbsvg\u00a0\u00bb icon_color=\u00a0\u00bbblue\u00a0\u00bb svg_animated=\u00a0\u00bbtrue\u00a0\u00bb count_grouping=\u00a0\u00bbtrue\u00a0\u00bb value=\u00a0\u00bb97&Prime; desc=\u00a0\u00bbParents satisfaits\u00a0\u00bb count_suffix=\u00a0\u00bb%\u00a0\u00bb svg_id=\u00a0\u00bb3353&Prime;][\/vc_column_inner][\/vc_row_inner][\/vc_column][\/vc_row][vc_row full_width=\u00a0\u00bbstretch_row_content_no_spaces\u00a0\u00bb css=\u00a0\u00bb.vc_custom_1449205641567{margin-bottom: 0px !important;padding-top: 70px !important;}\u00a0\u00bb][vc_column][stm_title title_tag=\u00a0\u00bbh2&Prime; title_align=\u00a0\u00bbcenter\u00a0\u00bb sep_enable=\u00a0\u00bbtrue\u00a0\u00bb title=\u00a0\u00bbArcobaleno en Images\u00a0\u00bb title_custom_color=\u00a0\u00bb#ffffff\u00a0\u00bb sep_css=\u00a0\u00bbmargin-bottom:32px;\u00a0\u00bb sep_margin_b=\u00a0\u00bb32px\u00a0\u00bb][\/stm_title][stm_gallery filter_enable=\u00a0\u00bbtrue\u00a0\u00bb][\/vc_column][\/vc_row][vc_row][vc_column][vc_empty_space][vc_empty_space][stm_title title_tag=\u00a0\u00bbh2&Prime; title_align=\u00a0\u00bbcenter\u00a0\u00bb sep_enable=\u00a0\u00bbtrue\u00a0\u00bb title=\u00a0\u00bbFoire aux questions\u00a0\u00bb title_custom_color=\u00a0\u00bb#ffffff\u00a0\u00bb sep_css=\u00a0\u00bbmargin-bottom:32px;\u00a0\u00bb sep_margin_b=\u00a0\u00bb32px\u00a0\u00bb][\/stm_title][vc_tta_accordion][vc_tta_section title=\u00a0\u00bbA partir de quel age je peux inscrire mon enfant?\u00a0\u00bb tab_id=\u00a0\u00bb1567600064449-a3b37cce-21fc\u00a0\u00bb][vc_column_text]Nous accueillons les enfants d\u00e9s la l&rsquo;age de 2 ans pour int\u00e9grer la Mini section[\/vc_column_text][\/vc_tta_section][vc_tta_section title=\u00a0\u00bbL&rsquo;\u00e9cole propose t&rsquo;il un bus de ramassage?\u00a0\u00bb tab_id=\u00a0\u00bb1567599833679-114f4b01-9377&Prime;][vc_column_text]Le transport est disponible pour l&rsquo;ann\u00e9e scolaire 2019-2020 . Vous pouvez vous rapprocher de la Direction pour connaitre les trajets disponible[\/vc_column_text][\/vc_tta_section][vc_tta_section title=\u00a0\u00bbQuelles sont les horaires de l&rsquo;\u00e9cole?\u00a0\u00bb tab_id=\u00a0\u00bb1567599833728-ed5f03e1-b0fa\u00a0\u00bb][vc_column_text]Les horaires du Pr\u00e9scolaire :<\/p>\n<p>D\u00e9mi-journ\u00e9e :8h-13h &#8211; Journ\u00e9e continue : 8h \u2013 17h\u00a0 &#8211; Vendredi :\u00a0 13H<\/p>\n<p>Les horaires du Primaire :<\/p>\n<p>Journ\u00e9e continue : 8h \u2013 15h[\/vc_column_text][\/vc_tta_section][\/vc_tta_accordion][vc_empty_space][\/vc_column][\/vc_row]<\/p>\n","protected":false},"excerpt":{"rendered":"<p>[vc_row][vc_column][stm_spacing sm_spacing=\u00a0\u00bb150px\u00a0\u00bb lg_spacing=\u00a0\u00bb150px\u00a0\u00bb md_spacing=\u00a0\u00bb150px\u00a0\u00bb][rev_slider_vc alias=\u00a0\u00bbhome-2&Prime;][stm_spacing xs_spacing=\u00a0\u00bb60px\u00a0\u00bb sm_spacing=\u00a0\u00bb60px\u00a0\u00bb][\/vc_column][\/vc_row][vc_row css=\u00a0\u00bb.vc_custom_1448890853831{margin-bottom: 80px !important;}\u00a0\u00bb][vc_column][stm_call_to_action cta_border_color=\u00a0\u00bbblue\u00a0\u00bb cta_bg_color=\u00a0\u00bbgreen\u00a0\u00bb btn_link=\u00a0\u00bb|title:En%20savoir%20plus||\u00a0\u00bb title=\u00a0\u00bbNote d&rsquo;information\u00a0\u00bb image_id=\u00a0\u00bb52&Prime; img_id=\u00a0\u00bb3785&Prime; css=\u00a0\u00bb.vc_custom_1663072144645{margin-top: -100px !important;border-top-width: 4px !important;border-top-style: solid !important;}\u00a0\u00bb margin=\u00a0\u00bbmargin-top:15px;margin-bottom:16px;\u00a0\u00bb btn_enable=\u00a0\u00bbtrue\u00a0\u00bb img_enable=\u00a0\u00bbtrue\u00a0\u00bb btn_custom_style=\u00a0\u00bbtrue\u00a0\u00bb btn_icon_enable=\u00a0\u00bbtrue\u00a0\u00bb] La rentr\u00e9e scolaire 2022\/2023 est pr\u00e9vue pour le 05 Octobre 2022 les Tests d\u2019entr\u00e9e \u00e0\u00a0 L\u2019Ecole sont pr\u00e9vus au mois de SEPTEMBRE 2022 , lesMardi et [&hellip;]<\/p>\n","protected":false},"author":1,"featured_media":0,"parent":0,"menu_order":0,"comment_status":"closed","ping_status":"closed","template":"","meta":{"footnotes":""},"class_list":["post-19","page","type-page","status-publish","hentry"],"yoast_head":"<!-- This site is optimized with the Yoast SEO plugin v26.7 - https:\/\/yoast.com\/wordpress\/plugins\/seo\/ -->\n<title>Accueil - Ecole Arcobaleno<\/title>\n<meta name=\"description\" content=\"Maternelle - Pr\u00e9scolaire - El\u00e9mentaire Ouest foire Dakar\" \/>\n<meta name=\"robots\" content=\"index, follow, max-snippet:-1, max-image-preview:large, max-video-preview:-1\" \/>\n<link rel=\"canonical\" href=\"https:\/\/ecolearcobaleno.com\/\" \/>\n<meta property=\"og:locale\" content=\"fr_FR\" \/>\n<meta property=\"og:type\" content=\"article\" \/>\n<meta property=\"og:title\" content=\"Accueil - Ecole Arcobaleno\" \/>\n<meta property=\"og:description\" content=\"Maternelle - Pr\u00e9scolaire - El\u00e9mentaire Ouest foire Dakar\" \/>\n<meta property=\"og:url\" content=\"https:\/\/ecolearcobaleno.com\/\" \/>\n<meta property=\"og:site_name\" content=\"Ecole Arcobaleno\" \/>\n<meta property=\"article:modified_time\" content=\"2023-08-29T13:10:35+00:00\" \/>\n<meta name=\"twitter:card\" content=\"summary_large_image\" \/>\n<meta name=\"twitter:label1\" content=\"Dur\u00e9e de lecture estim\u00e9e\" \/>\n\t<meta name=\"twitter:data1\" content=\"3 minutes\" \/>\n<script type=\"application\/ld+json\" class=\"yoast-schema-graph\">{\"@context\":\"https:\/\/schema.org\",\"@graph\":[{\"@type\":\"WebPage\",\"@id\":\"https:\/\/ecolearcobaleno.com\/\",\"url\":\"https:\/\/ecolearcobaleno.com\/\",\"name\":\"Accueil - Ecole Arcobaleno\",\"isPartOf\":{\"@id\":\"https:\/\/ecolearcobaleno.com\/#website\"},\"datePublished\":\"2015-11-25T07:32:41+00:00\",\"dateModified\":\"2023-08-29T13:10:35+00:00\",\"description\":\"Maternelle - Pr\u00e9scolaire - El\u00e9mentaire Ouest foire Dakar\",\"breadcrumb\":{\"@id\":\"https:\/\/ecolearcobaleno.com\/#breadcrumb\"},\"inLanguage\":\"fr-FR\",\"potentialAction\":[{\"@type\":\"ReadAction\",\"target\":[\"https:\/\/ecolearcobaleno.com\/\"]}]},{\"@type\":\"BreadcrumbList\",\"@id\":\"https:\/\/ecolearcobaleno.com\/#breadcrumb\",\"itemListElement\":[{\"@type\":\"ListItem\",\"position\":1,\"name\":\"Accueil\",\"item\":\"https:\/\/ecolearcobaleno.com\/\"},{\"@type\":\"ListItem\",\"position\":2,\"name\":\"Accueil\"}]},{\"@type\":\"WebSite\",\"@id\":\"https:\/\/ecolearcobaleno.com\/#website\",\"url\":\"https:\/\/ecolearcobaleno.com\/\",\"name\":\"Ecole Arcobaleno\",\"description\":\"\",\"potentialAction\":[{\"@type\":\"SearchAction\",\"target\":{\"@type\":\"EntryPoint\",\"urlTemplate\":\"https:\/\/ecolearcobaleno.com\/?s={search_term_string}\"},\"query-input\":{\"@type\":\"PropertyValueSpecification\",\"valueRequired\":true,\"valueName\":\"search_term_string\"}}],\"inLanguage\":\"fr-FR\"}]}<\/script>\n<!-- \/ Yoast SEO plugin. -->","yoast_head_json":{"title":"Accueil - Ecole Arcobaleno","description":"Maternelle - Pr\u00e9scolaire - El\u00e9mentaire Ouest foire Dakar","robots":{"index":"index","follow":"follow","max-snippet":"max-snippet:-1","max-image-preview":"max-image-preview:large","max-video-preview":"max-video-preview:-1"},"canonical":"https:\/\/ecolearcobaleno.com\/","og_locale":"fr_FR","og_type":"article","og_title":"Accueil - Ecole Arcobaleno","og_description":"Maternelle - Pr\u00e9scolaire - El\u00e9mentaire Ouest foire Dakar","og_url":"https:\/\/ecolearcobaleno.com\/","og_site_name":"Ecole Arcobaleno","article_modified_time":"2023-08-29T13:10:35+00:00","twitter_card":"summary_large_image","twitter_misc":{"Dur\u00e9e de lecture estim\u00e9e":"3 minutes"},"schema":{"@context":"https:\/\/schema.org","@graph":[{"@type":"WebPage","@id":"https:\/\/ecolearcobaleno.com\/","url":"https:\/\/ecolearcobaleno.com\/","name":"Accueil - Ecole Arcobaleno","isPartOf":{"@id":"https:\/\/ecolearcobaleno.com\/#website"},"datePublished":"2015-11-25T07:32:41+00:00","dateModified":"2023-08-29T13:10:35+00:00","description":"Maternelle - Pr\u00e9scolaire - El\u00e9mentaire Ouest foire Dakar","breadcrumb":{"@id":"https:\/\/ecolearcobaleno.com\/#breadcrumb"},"inLanguage":"fr-FR","potentialAction":[{"@type":"ReadAction","target":["https:\/\/ecolearcobaleno.com\/"]}]},{"@type":"BreadcrumbList","@id":"https:\/\/ecolearcobaleno.com\/#breadcrumb","itemListElement":[{"@type":"ListItem","position":1,"name":"Accueil","item":"https:\/\/ecolearcobaleno.com\/"},{"@type":"ListItem","position":2,"name":"Accueil"}]},{"@type":"WebSite","@id":"https:\/\/ecolearcobaleno.com\/#website","url":"https:\/\/ecolearcobaleno.com\/","name":"Ecole Arcobaleno","description":"","potentialAction":[{"@type":"SearchAction","target":{"@type":"EntryPoint","urlTemplate":"https:\/\/ecolearcobaleno.com\/?s={search_term_string}"},"query-input":{"@type":"PropertyValueSpecification","valueRequired":true,"valueName":"search_term_string"}}],"inLanguage":"fr-FR"}]}},"_links":{"self":[{"href":"https:\/\/ecolearcobaleno.com\/index.php\/wp-json\/wp\/v2\/pages\/19","targetHints":{"allow":["GET"]}}],"collection":[{"href":"https:\/\/ecolearcobaleno.com\/index.php\/wp-json\/wp\/v2\/pages"}],"about":[{"href":"https:\/\/ecolearcobaleno.com\/index.php\/wp-json\/wp\/v2\/types\/page"}],"author":[{"embeddable":true,"href":"https:\/\/ecolearcobaleno.com\/index.php\/wp-json\/wp\/v2\/users\/1"}],"replies":[{"embeddable":true,"href":"https:\/\/ecolearcobaleno.com\/index.php\/wp-json\/wp\/v2\/comments?post=19"}],"version-history":[{"count":66,"href":"https:\/\/ecolearcobaleno.com\/index.php\/wp-json\/wp\/v2\/pages\/19\/revisions"}],"predecessor-version":[{"id":3884,"href":"https:\/\/ecolearcobaleno.com\/index.php\/wp-json\/wp\/v2\/pages\/19\/revisions\/3884"}],"wp:attachment":[{"href":"https:\/\/ecolearcobaleno.com\/index.php\/wp-json\/wp\/v2\/media?parent=19"}],"curies":[{"name":"wp","href":"https:\/\/api.w.org\/{rel}","templated":true}]}}